{"id":756,"date":"2021-02-25T12:49:54","date_gmt":"2021-02-25T12:49:54","guid":{"rendered":"https:\/\/milestones3.eu\/?page_id=756"},"modified":"2021-02-25T12:49:58","modified_gmt":"2021-02-25T12:49:58","slug":"korniza","status":"publish","type":"page","link":"https:\/\/milestones3.eu\/sq\/korniza\/","title":{"rendered":"Korniza"},"content":{"rendered":"<p>[et_pb_section fb_built=&#8221;1&#8243; _builder_version=&#8221;4.9.0&#8243; _module_preset=&#8221;default&#8221; use_background_color_gradient=&#8221;on&#8221; background_color_gradient_start=&#8221;#253d79&#8243; background_color_gradient_end=&#8221;rgba(37,61,121,0.45)&#8221; background_color_gradient_overlays_image=&#8221;on&#8221; background_image=&#8221;https:\/\/milestones3.eu\/wp-content\/uploads\/2021\/02\/dodoni-902908_1280.jpg&#8221; background_position=&#8221;bottom_center&#8221; max_width=&#8221;90%&#8221; custom_padding=&#8221;17px||30px|||&#8221; border_width_right=&#8221;45px&#8221; border_color_right=&#8221;#8DBA40&#8243;][et_pb_row _builder_version=&#8221;4.9.0&#8243; _module_preset=&#8221;default&#8221;][et_pb_column type=&#8221;4_4&#8243; _builder_version=&#8221;4.9.0&#8243; _module_preset=&#8221;default&#8221;][et_pb_text _builder_version=&#8221;4.9.0&#8243; text_font=&#8221;||||||||&#8221; header_font=&#8221;avertable|700|||||||&#8221; header_text_color=&#8221;#FFFFFF&#8221; header_font_size=&#8221;57px&#8221; header_line_height=&#8221;1.3em&#8221; background_size=&#8221;initial&#8221; background_position=&#8221;top_left&#8221; background_repeat=&#8221;repeat&#8221; custom_margin=&#8221;||18px|||&#8221; animation_style=&#8221;fade&#8221; hover_enabled=&#8221;0&#8243; header_font_size_tablet=&#8221;40px&#8221; header_font_size_phone=&#8221;30px&#8221; header_font_size_last_edited=&#8221;on|phone&#8221; locked=&#8221;off&#8221; sticky_enabled=&#8221;0&#8243;]<\/p>\n<h1>Korniza<\/h1>\n<p>[\/et_pb_text][et_pb_divider color=&#8221;#E58A2E&#8221; divider_weight=&#8221;7px&#8221; _builder_version=&#8221;4.9.0&#8243; _module_preset=&#8221;default&#8221; width=&#8221;200px&#8221;][\/et_pb_divider][\/et_pb_column][\/et_pb_row][\/et_pb_section][et_pb_section fb_built=&#8221;1&#8243; _builder_version=&#8221;4.9.0&#8243; _module_preset=&#8221;default&#8221; custom_padding=&#8221;37px||7px|||&#8221; border_width_left=&#8221;38px&#8221; border_color_left=&#8221;#E58A2E&#8221;][et_pb_row column_structure=&#8221;1_4,3_4&#8243; use_custom_gutter=&#8221;on&#8221; gutter_width=&#8221;2&#8243; make_equal=&#8221;on&#8221; _builder_version=&#8221;4.9.0&#8243; _module_preset=&#8221;default&#8221; width=&#8221;75%&#8221; max_width=&#8221;100%&#8221; border_color_left=&#8221;#E58A2E&#8221;][et_pb_column type=&#8221;1_4&#8243; _builder_version=&#8221;4.9.0&#8243; _module_preset=&#8221;default&#8221; custom_padding=&#8221;||||false|false&#8221;][et_pb_image src=&#8221;https:\/\/milestones3.eu\/wp-content\/uploads\/2021\/02\/\u03a3\u03c7\u03ad\u03b4\u03b9\u03bf-\u03c7\u03c9\u03c1\u03af\u03c2-\u03c4\u03af\u03c4\u03bb\u03bf-12.png&#8221; alt=&#8221;milestone 3&#8243; title_text=&#8221;milestone 3&#8243; _builder_version=&#8221;4.9.0&#8243; _module_preset=&#8221;default&#8221; width=&#8221;25%&#8221;][\/et_pb_image][et_pb_divider color=&#8221;#8DBA40&#8243; divider_weight=&#8221;7px&#8221; _builder_version=&#8221;4.9.0&#8243; _module_preset=&#8221;default&#8221; width=&#8221;200px&#8221;][\/et_pb_divider][et_pb_text _builder_version=&#8221;4.9.0&#8243; _module_preset=&#8221;default&#8221; header_2_line_height=&#8221;1.2em&#8221; hover_enabled=&#8221;0&#8243; sticky_enabled=&#8221;0&#8243;]<\/p>\n<h2>Programi i bashk\u00ebpunimit nd\u00ebrkufitar Interreg IPA \u201cGreqi-Shqip\u00ebri<\/h2>\n<p>[\/et_pb_text][et_pb_image src=&#8221;https:\/\/milestones3.eu\/wp-content\/uploads\/2021\/02\/area.jpg&#8221; title_text=&#8221;area&#8221; _builder_version=&#8221;4.9.0&#8243; _module_preset=&#8221;default&#8221;][\/et_pb_image][\/et_pb_column][et_pb_column type=&#8221;3_4&#8243; _builder_version=&#8221;4.9.0&#8243; _module_preset=&#8221;default&#8221;][et_pb_text _builder_version=&#8221;4.9.0&#8243; _module_preset=&#8221;default&#8221; custom_margin=&#8221;|||15px|false|false&#8221; custom_margin_tablet=&#8221;&#8221; custom_margin_phone=&#8221;&#8221; custom_margin_last_edited=&#8221;on|phone&#8221; hover_enabled=&#8221;0&#8243; sticky_enabled=&#8221;0&#8243;]<\/p>\n<p>Programi i Bashk\u00ebpunimit Nd\u00ebrkufitar Interreg IPA \u00abGreqi \u2013 Shqip\u00ebri 2014-2020\u00bb u miratua nga Komisioni Europian m\u00eb30\/07\/2015 me vendimin C (2015) 5482. Strategjia e tij totale synon n\u00eb krijimin e ekulibrave midis zhvillimit t\u00eb q\u00ebndruesh\u00ebm rajonal dhe p\u00ebrforcimit t\u00eb bashk\u00ebpunimit nd\u00ebrkufitar t\u00eb institucioneve rajonale dhe t\u00eb popullat\u00ebs lokale , n\u00eb p\u00ebrputhje me politikat europiane dhe komb\u00ebtare , me q\u00eblllim p\u00ebrballimin e sfidave t\u00eb p\u00ebrbashk\u00ebta n\u00ebp\u00ebrmjet nd\u00ebrhyrjeve t\u00eb p\u00ebrbashk\u00ebta.<br \/>Objektivat e Programit jan\u00eb:<br \/><span class=\"Apple-converted-space\">\u00a0<\/span><\/p>\n<p>(a) Shtimi i mund\u00ebsive t\u00eb insfrastrukturave nd\u00ebrkufitare n\u00eb sektorin e transporteve, t\u00eb menaxhimit t\u00eb uj\u00ebrave dhe mbeturinave<\/p>\n<p>(b) Shtimi e efektivitetit n\u00eb mbrojtjen e mjedisit dhe t\u00eb p\u00ebrdorimit t\u00eb q\u00ebndruesh\u00ebm t\u00eb burimeve natyrore<\/p>\n<p>(c) Shtim t\u00eb efikasitetit energjitik dhe t\u00eb shfryt\u00ebzimit t\u00eb BRE<\/p>\n<p>(d) P\u00ebrmir\u00ebsimi i efektivitetit t\u00eb parandalimit t\u00eb rreziqeve dhe t\u00eb menaxhimit t\u00eb katastrofave, me fokusim tek zjarret n\u00eb pyje<\/p>\n<p>(dh) Ruajtja e burimeve natyrale dhe kulturore si parakusht p\u00ebr zhvillimin e turizmit dhe<\/p>\n<p>(e) Mb\u00ebshtetja e sip\u00ebrmarrjes, mbijetes\u00ebs s\u00eb bizneseve dhe t\u00eb konkurenc\u00ebs<\/p>\n<p><b>Buxheti<\/b><\/p>\n<p>Buxheti total i Programit (sipas ndryshimeve nr 2) \u00ebsht\u00eb 54.076.734,00\u20ac \u03b5\u03ba prej t\u00eb cilave sasia 45.965.222,00\u20ac (85%) vjen nga Mb\u00ebshtetja e Bashkimit dhe sasia prej 8.111.512,00\u20ac (15%) nga burimet e shteteve pjes\u00ebmarr\u00ebse<\/p>\n<p><b>Zona e p\u00ebrzgjedhur<\/b><\/p>\n<p>Zona e p\u00ebrzgjedhur e Programit jan\u00eb bashk\u00ebsit\u00eb rajonale t\u00eb Grevena, Kastoria, Florina, Arta, Thesprotia, Ioannina, Preveza, Zakinthos, Korfuzi, Kefalinia, dhe Lefkada n\u00eb Greqi dhe nga Prefekturat Vlor\u00eb, Gjirokast\u00ebr, Kor\u00e7\u00eb dhe Berat n\u00eb Shqip\u00ebri.<\/p>\n<p>Zona nd\u00ebrkufitare e p\u00ebrzgjedhur Greqi-Shqip\u00ebri z\u00eb nj\u00eb sip\u00ebrfaqe totale 28.526 kiliometra katrore (17.445 kiliometra katrore nga pjesa e Greqis\u00eb dhe 11.081 kiliometra katrore nga pjesa e Shqip\u00ebris\u00eb me popullsi totale 1.339.804 (Regjistrimi i Popullsis\u00eb 2011), 729.687 banor\u00eb n\u00eb an\u00ebn greke dhe 610.117 n\u00eb an\u00ebn shqiptare.<\/p>\n<p>Zona nd\u00ebrkufitare e p\u00ebrzgjedhur karakterizohet nga nivele t\u00eb ul\u00ebta cil\u00ebsie dhe d\u00ebnd\u00ebsie infrastrukturash n\u00eb fush\u00ebn e transportit, t\u00eb teknologjis\u00eb s\u00eb informacionit dhe komunikimit (ve\u00e7an\u00ebrisht n\u00eb an\u00ebn e Shqip\u00ebris\u00eb) dhe t\u00eb infrastrukturave mjedisore (kryesisht n\u00eb an\u00ebn e Shqip\u00ebris\u00eb). Zona nd\u00ebrkufitare \u00ebsht\u00eb e pasur me burime t\u00eb ve\u00e7anta dhe t\u00eb shum\u00ebllojshme kulturore dhe natyrale , t\u00eb cilat mund t\u00eb p\u00ebrdoren p\u00ebr zgjerimin e veprimtaris\u00eb turistike dhe ekonomike por edhe p\u00ebr uljen e papun\u00ebsis\u00eb.<\/p>\n<p><strong>Boshtet par\u00ebsore t\u00eb Projektit:<\/strong><\/p>\n<p>&nbsp;<\/p>\n<h4>Programi i Zhvillimit 1: Promovim i mjedisit, i transporteve t\u00eb q\u00ebndrueshme dhe t\u00eb infrastrukturave publike<\/h4>\n<h4>Programi i Zhvillimit 2: Zhvillimi i ekonomis\u00eb lokale<\/h4>\n<h4>Programi i Zhvillimit 3: Ndihm\u00eb teknike<\/h4>\n<p>[\/et_pb_text][\/et_pb_column][\/et_pb_row][\/et_pb_section]<\/p>\n","protected":false},"excerpt":{"rendered":"<p>KornizaProgrami i bashk\u00ebpunimit nd\u00ebrkufitar Interreg IPA \u201cGreqi-Shqip\u00ebriProgrami i Bashk\u00ebpunimit Nd\u00ebrkufitar Interreg IPA \u00abGreqi \u2013 Shqip\u00ebri 2014-2020\u00bb u miratua nga Komisioni Europian m\u00eb30\/07\/2015 me vendimin C (2015) 5482. Strategjia e tij totale synon n\u00eb krijimin e ekulibrave midis zhvillimit t\u00eb q\u00ebndruesh\u00ebm rajonal dhe p\u00ebrforcimit t\u00eb bashk\u00ebpunimit nd\u00ebrkufitar t\u00eb institucioneve rajonale dhe t\u00eb popullat\u00ebs lokale , n\u00eb [&hellip;]<\/p>\n","protected":false},"author":1,"featured_media":0,"parent":0,"menu_order":0,"comment_status":"closed","ping_status":"closed","template":"","meta":{"_et_pb_use_builder":"on","_et_pb_old_content":"[et_pb_section fb_built=\"1\" _builder_version=\"4.9.0\" _module_preset=\"default\" use_background_color_gradient=\"on\" background_color_gradient_start=\"#253d79\" background_color_gradient_end=\"rgba(37,61,121,0.45)\" background_color_gradient_overlays_image=\"on\" background_image=\"https:\/\/milestones3.eu\/wp-content\/uploads\/2021\/02\/dodoni-902908_1280.jpg\" background_position=\"bottom_center\" max_width=\"90%\" custom_padding=\"17px||30px|||\" border_width_right=\"45px\" border_color_right=\"#8DBA40\"][et_pb_row _builder_version=\"4.9.0\" _module_preset=\"default\"][et_pb_column type=\"4_4\" _builder_version=\"4.9.0\" _module_preset=\"default\"][et_pb_text _builder_version=\"4.9.0\" text_font=\"||||||||\" header_font=\"avertable|700|||||||\" header_text_color=\"#FFFFFF\" header_font_size=\"57px\" header_line_height=\"1.3em\" background_size=\"initial\" background_position=\"top_left\" background_repeat=\"repeat\" custom_margin=\"||18px|||\" animation_style=\"fade\" header_font_size_tablet=\"40px\" header_font_size_phone=\"30px\" header_font_size_last_edited=\"on|phone\" locked=\"off\"]<h1>The Framework<\/h1>[\/et_pb_text][et_pb_divider color=\"#E58A2E\" divider_weight=\"7px\" _builder_version=\"4.9.0\" _module_preset=\"default\" width=\"200px\"][\/et_pb_divider][\/et_pb_column][\/et_pb_row][\/et_pb_section][et_pb_section fb_built=\"1\" _builder_version=\"4.9.0\" _module_preset=\"default\" custom_padding=\"37px||7px|||\" border_width_left=\"38px\" border_color_left=\"#E58A2E\"][et_pb_row column_structure=\"1_4,3_4\" use_custom_gutter=\"on\" gutter_width=\"2\" make_equal=\"on\" _builder_version=\"4.9.0\" _module_preset=\"default\" width=\"75%\" max_width=\"100%\" border_color_left=\"#E58A2E\"][et_pb_column type=\"1_4\" _builder_version=\"4.9.0\" _module_preset=\"default\" custom_padding=\"||||false|false\"][et_pb_image src=\"https:\/\/milestones3.eu\/wp-content\/uploads\/2021\/02\/\u03a3\u03c7\u03ad\u03b4\u03b9\u03bf-\u03c7\u03c9\u03c1\u03af\u03c2-\u03c4\u03af\u03c4\u03bb\u03bf-12.png\" alt=\"milestone 3\" title_text=\"milestone 3\" _builder_version=\"4.9.0\" _module_preset=\"default\" width=\"25%\"][\/et_pb_image][et_pb_divider color=\"#8DBA40\" divider_weight=\"7px\" _builder_version=\"4.9.0\" _module_preset=\"default\" width=\"200px\"][\/et_pb_divider][et_pb_text _builder_version=\"4.9.0\" _module_preset=\"default\" header_2_line_height=\"1.2em\"]<h2>Interreg IPA CBC Programme \r\n\u201cGreece \u2013 Albania 2014 \u2013 2020\u201d<\/h2>[\/et_pb_text][et_pb_image src=\"https:\/\/milestones3.eu\/wp-content\/uploads\/2021\/02\/area.jpg\" title_text=\"area\" _builder_version=\"4.9.0\" _module_preset=\"default\"][\/et_pb_image][\/et_pb_column][et_pb_column type=\"3_4\" _builder_version=\"4.9.0\" _module_preset=\"default\"][et_pb_text _builder_version=\"4.9.0\" _module_preset=\"default\" custom_margin=\"|||15px|false|false\" custom_margin_tablet=\"\" custom_margin_phone=\"\" custom_margin_last_edited=\"on|phone\" hover_enabled=\"0\" sticky_enabled=\"0\"]<p>The Interreg IPA CBC Programme \u201cGreece \u2013 Albania 2014 \u2013 2020\u201d was approved by the European Commission on 30\/07\/2015 by decision C (2015) 5482. The overall strategy of the Interreg IPA CBC Programme \u201cGreece \u2013 Albania 2014 \u2013 2020\u201d is to find the balance between sustainable regional development and enhancement of cross-border cooperation among local population and regional institutions, in accordance with EU and national policies, in order to address common challenges through joint interventions. The Programme\u2019s objectives are:<span class=\"Apple-converted-space\">\u00a0<\/span><\/p>\r\n<p>(a) Increase the capacity of cross border infrastructure in transport, water and waste management<\/p>\r\n<p>(b) Increase the effectiveness of environmental protection and sustainable use of natural resources<\/p>\r\n<p>(c) Increase energy-efficiency and the use of RES<\/p>\r\n<p>(d) Improve the effectiveness of risk prevention and disaster management with a focus on forest fires<\/p>\r\n<p>(e) Preserve cultural and natural resources as a prerequisite for tourism development and<\/p>\r\n<p>(f) Support entrepreneurship, business survival and competitiveness.<\/p>\r\n<p><b>Budget<\/b><\/p>\r\n<p>The total budget allocated to the Programme (according to the 2nd Modification) is 54.076.734,00\u20ac, out of which 45.965.222,00\u20ac (85%) is Union Support and the 8.111.512,00\u20ac (15%) the National Counterpart.<\/p>\r\n<p><b>Eligible area<\/b><\/p>\r\n<p>The eligible area of the Programme consists of the Regional Units of Grevena, Kastoria, Florina, Arta, Thesprotia, Ioannina, Preveza, Zakynthos, Corfu, Kefallinia and Lefkada in Greece and the Regions of Vlor\u00eb, Gjirokast\u00ebr, Kor\u00e7\u00eb and Berat in Albania.<\/p>\r\n<p>The eligible cross- border area covers an area of 28,526 km\u00b2 (17.445 km2<\/p>\r\n<p>for Greece crossborder area and 11.081 km2 for Albania cross- border area) with a total population of1,339,804 inhabitants (729.687 inhabitants for Greece cross- border area and 610.117 inhabitants for Albania cross- border area) (census data of 2011). The eligible cross border area is characterized by low quality and density of infrastructure in the fields of transport, information and communications technology (especially in the Albanian area), and environmental infrastructure (mainly in the Albanian area). The cross border area is rich in unique and diverse cultural and natural resources which could be used for the expansion of tourist economic activity thus decreasing unemployment<\/p>\r\n<p><strong>Interreg IPA CBC Programme \u201cGreece \u2013 Albania 2014 \u2013 2020\u201d priority axes:<\/strong><\/p>\r\n<p>\u00a0<\/p>\r\n<h4>PA 1: Promotion of the environment, sustainable transport and public infrastructure<\/h4>\r\n<h4>PA 2: Boosting the local economy<\/h4>\r\n<h4>PA 3: Technical Assistance<\/h4>[\/et_pb_text][\/et_pb_column][\/et_pb_row][\/et_pb_section]","_et_gb_content_width":"","footnotes":""},"class_list":["post-756","page","type-page","status-publish","hentry"],"_links":{"self":[{"href":"https:\/\/milestones3.eu\/sq\/wp-json\/wp\/v2\/pages\/756","targetHints":{"allow":["GET"]}}],"collection":[{"href":"https:\/\/milestones3.eu\/sq\/wp-json\/wp\/v2\/pages"}],"about":[{"href":"https:\/\/milestones3.eu\/sq\/wp-json\/wp\/v2\/types\/page"}],"author":[{"embeddable":true,"href":"https:\/\/milestones3.eu\/sq\/wp-json\/wp\/v2\/users\/1"}],"replies":[{"embeddable":true,"href":"https:\/\/milestones3.eu\/sq\/wp-json\/wp\/v2\/comments?post=756"}],"version-history":[{"count":4,"href":"https:\/\/milestones3.eu\/sq\/wp-json\/wp\/v2\/pages\/756\/revisions"}],"predecessor-version":[{"id":762,"href":"https:\/\/milestones3.eu\/sq\/wp-json\/wp\/v2\/pages\/756\/revisions\/762"}],"wp:attachment":[{"href":"https:\/\/milestones3.eu\/sq\/wp-json\/wp\/v2\/media?parent=756"}],"curies":[{"name":"wp","href":"https:\/\/api.w.org\/{rel}","templated":true}]}}