{"id":639,"date":"2021-02-17T18:26:41","date_gmt":"2021-02-17T18:26:41","guid":{"rendered":"https:\/\/milestones3.eu\/home\/"},"modified":"2021-02-25T12:10:26","modified_gmt":"2021-02-25T12:10:26","slug":"home","status":"publish","type":"page","link":"https:\/\/milestones3.eu\/sq\/","title":{"rendered":"KREU"},"content":{"rendered":"<p>[et_pb_section fb_built=&#8221;1&#8243; specialty=&#8221;on&#8221; padding_top_bottom_link_1=&#8221;true&#8221; padding_left_right_link_1=&#8221;false&#8221; padding_left_right_link_2=&#8221;true&#8221; padding_top_1=&#8221;9vw&#8221; padding_right_2=&#8221;5vw&#8221; padding_bottom_1=&#8221;9vw&#8221; padding_left_2=&#8221;5vw&#8221; admin_label=&#8221;Header&#8221; _builder_version=&#8221;4.9.0&#8243; use_background_color_gradient=&#8221;on&#8221; background_color_gradient_start=&#8221;rgba(39,45,55,0.55)&#8221; background_color_gradient_end=&#8221;rgba(39,45,55,0)&#8221; background_color_gradient_overlays_image=&#8221;on&#8221; background_image=&#8221;https:\/\/milestones3.eu\/wp-content\/uploads\/2021\/02\/theatre-1740767_1280.jpg&#8221; background_position=&#8221;bottom_center&#8221; module_alignment=&#8221;center&#8221; inner_width=&#8221;100%&#8221; inner_max_width=&#8221;100%&#8221; custom_margin=&#8221;32px|||||&#8221; custom_margin_tablet=&#8221;0px||&#8221; custom_margin_phone=&#8221;&#8221; custom_margin_last_edited=&#8221;on|tablet&#8221; custom_padding=&#8221;61px||108px|||&#8221; border_width_all=&#8221;5vw&#8221; border_color_all=&#8221;#ffffff&#8221; border_width_top=&#8221;0vw&#8221; border_color_top=&#8221;#8DBA40&#8243; border_width_bottom=&#8221;0px&#8221; border_width_left=&#8221;2vw&#8221; border_color_left=&#8221;#253D79&#8243; use_custom_width=&#8221;on&#8221; width_unit=&#8221;off&#8221; custom_width_percent=&#8221;100%&#8221; locked=&#8221;off&#8221;][et_pb_column type=&#8221;1_2&#8243; _builder_version=&#8221;3.25&#8243; custom_padding=&#8221;|||&#8221; custom_padding__hover=&#8221;|||&#8221;][\/et_pb_column][et_pb_column type=&#8221;1_2&#8243; specialty_columns=&#8221;2&#8243; _builder_version=&#8221;3.25&#8243; custom_padding=&#8221;|||&#8221; custom_padding__hover=&#8221;|||&#8221;][et_pb_row_inner custom_padding_last_edited=&#8221;on|tablet&#8221; _builder_version=&#8221;4.9.0&#8243; background_enable_color=&#8221;off&#8221; use_background_color_gradient=&#8221;on&#8221; background_color_gradient_start=&#8221;rgba(37,61,121,0.26)&#8221; background_color_gradient_end=&#8221;#102247&#8243; custom_margin=&#8221;-100px||&#8221; custom_margin_tablet=&#8221;0px||&#8221; custom_margin_phone=&#8221;&#8221; custom_margin_last_edited=&#8221;on|tablet&#8221; custom_padding=&#8221;108px|39px|108px|39px|true|true&#8221; custom_padding_tablet=&#8221;30px|30px|30px|30px|true|true&#8221; custom_padding_phone=&#8221;&#8221; animation_style=&#8221;slide&#8221; animation_direction=&#8221;bottom&#8221; animation_intensity_slide=&#8221;2%&#8221;][et_pb_column_inner saved_specialty_column_type=&#8221;1_2&#8243; _builder_version=&#8221;3.25&#8243; custom_padding=&#8221;|||&#8221; custom_padding__hover=&#8221;|||&#8221;][et_pb_image src=&#8221;https:\/\/milestones3.eu\/wp-content\/uploads\/2021\/02\/\u03a3\u03c7\u03ad\u03b4\u03b9\u03bf-\u03c7\u03c9\u03c1\u03af\u03c2-\u03c4\u03af\u03c4\u03bb\u03bf-12.png&#8221; alt=&#8221;milestone 3&#8243; title_text=&#8221;milestone 3&#8243; _builder_version=&#8221;4.9.0&#8243; _module_preset=&#8221;default&#8221; background_enable_color=&#8221;off&#8221; width=&#8221;30%&#8221; custom_margin=&#8221;||6px|||&#8221;][\/et_pb_image][et_pb_text _builder_version=&#8221;4.9.0&#8243; text_font=&#8221;||||||||&#8221; header_font=&#8221;avertalight||||||||&#8221; header_2_font=&#8221;avertable|900|||||||&#8221; header_2_text_color=&#8221;#FFFFFF&#8221; header_2_font_size=&#8221;3vw&#8221; header_2_line_height=&#8221;1.4em&#8221; header_4_font=&#8221;Roboto||||||||&#8221; header_4_text_color=&#8221;#666666&#8243; header_4_font_size=&#8221;24px&#8221; header_4_line_height=&#8221;1.2em&#8221; text_orientation=&#8221;right&#8221; background_layout=&#8221;dark&#8221; hover_enabled=&#8221;0&#8243; header_2_font_size_tablet=&#8221;35px&#8221; header_2_font_size_phone=&#8221;25px&#8221; header_2_font_size_last_edited=&#8221;on|tablet&#8221; locked=&#8221;off&#8221; header_font_size__hover=&#8221;30px&#8221; header_font_size__hover_enabled=&#8221;30px&#8221; header_letter_spacing__hover=&#8221;0px&#8221; header_letter_spacing__hover_enabled=&#8221;0px&#8221; header_text_shadow_style__hover=&#8221;none&#8221; header_text_shadow_style__hover_enabled=&#8221;none&#8221; header_text_shadow_color__hover=&#8221;rgba(0,0,0,0.4)&#8221; header_text_shadow_color__hover_enabled=&#8221;rgba(0,0,0,0.4)&#8221; sticky_enabled=&#8221;0&#8243;]<\/p>\n<h2>MileSTONES III<\/h2>\n<p>[\/et_pb_text][\/et_pb_column_inner][\/et_pb_row_inner][\/et_pb_column][\/et_pb_section][et_pb_section fb_built=&#8221;1&#8243; _builder_version=&#8221;4.9.0&#8243; _module_preset=&#8221;default&#8221; custom_padding=&#8221;||0px||false|false&#8221; border_width_top=&#8221;26px&#8221; border_color_top=&#8221;#8DBA40&#8243;][et_pb_row column_structure=&#8221;1_2,1_2&#8243; _builder_version=&#8221;4.9.0&#8243; _module_preset=&#8221;default&#8221; max_width_tablet=&#8221;&#8221; max_width_phone=&#8221;100%&#8221; max_width_last_edited=&#8221;on|phone&#8221;][et_pb_column type=&#8221;1_2&#8243; _builder_version=&#8221;4.9.0&#8243; _module_preset=&#8221;default&#8221;][et_pb_text _builder_version=&#8221;4.9.0&#8243; text_font=&#8221;||||||||&#8221; header_font=&#8221;avertable|900|||||||&#8221; header_text_color=&#8221;#FFFFFF&#8221; header_font_size=&#8221;2vw&#8221; header_line_height=&#8221;1.4em&#8221; header_4_font=&#8221;Roboto||||||||&#8221; header_4_text_color=&#8221;#666666&#8243; header_4_font_size=&#8221;24px&#8221; header_4_line_height=&#8221;1.4em&#8221; background_color=&#8221;#E58A2E&#8221; module_alignment=&#8221;left&#8221; custom_margin=&#8221;-17vw|||||false&#8221; custom_margin_tablet=&#8221;0vw||0vw||true&#8221; custom_margin_phone=&#8221;&#8221; custom_margin_last_edited=&#8221;on|tablet&#8221; custom_padding=&#8221;92px|2vw|92px|2vw|true|true&#8221; custom_padding_tablet=&#8221;40px|5vw|40px|5vw|true|true&#8221; custom_padding_phone=&#8221;&#8221; custom_padding_last_edited=&#8221;on|desktop&#8221; animation_style=&#8221;slide&#8221; animation_direction=&#8221;bottom&#8221; animation_intensity_slide=&#8221;2%&#8221; hover_enabled=&#8221;0&#8243; header_font_size_tablet=&#8221;3vw&#8221; header_font_size_phone=&#8221;4vw&#8221; header_font_size_last_edited=&#8221;on|phone&#8221; header_4_font_size_tablet=&#8221;20px&#8221; header_4_font_size_phone=&#8221;18px&#8221; header_4_font_size_last_edited=&#8221;on|phone&#8221; box_shadow_style=&#8221;preset2&#8243; locked=&#8221;off&#8221; sticky_enabled=&#8221;0&#8243;]<\/p>\n<h1 style=\"text-align: center;\">Bashk\u00ebpunim kulturor krijues<br \/> si mjet p\u00ebr aft\u00ebsi t\u00eb fuqishme turistike dhe p\u00ebr zhvillim<\/h1>\n<h4><\/h4>\n<p> [\/et_pb_text][\/et_pb_column][et_pb_column type=&#8221;1_2&#8243; _builder_version=&#8221;4.9.0&#8243; _module_preset=&#8221;default&#8221;][\/et_pb_column][\/et_pb_row][\/et_pb_section][et_pb_section fb_built=&#8221;1&#8243; _builder_version=&#8221;4.9.0&#8243; _module_preset=&#8221;default&#8221; background_color=&#8221;#253D79&#8243; width=&#8221;90%&#8221; custom_padding=&#8221;0px||0px||false|false&#8221;][et_pb_row column_structure=&#8221;2_5,3_5&#8243; use_custom_gutter=&#8221;on&#8221; gutter_width=&#8221;2&#8243; make_equal=&#8221;on&#8221; _builder_version=&#8221;4.9.0&#8243; _module_preset=&#8221;default&#8221; width=&#8221;95%&#8221; max_width=&#8221;100%&#8221; module_alignment=&#8221;left&#8221; custom_margin=&#8221;|auto||auto|false|false&#8221; custom_padding=&#8221;0px||0px||false|false&#8221;][et_pb_column type=&#8221;2_5&#8243; _builder_version=&#8221;4.9.0&#8243; _module_preset=&#8221;default&#8221;][et_pb_image src=&#8221;https:\/\/milestones3.eu\/wp-content\/uploads\/2021\/02\/f-1024&#215;672-1.jpg&#8221; title_text=&#8221;f-1024&#215;672&#8243; _builder_version=&#8221;4.9.0&#8243; _module_preset=&#8221;default&#8221; custom_margin=&#8221;||-8px|||&#8221;][\/et_pb_image][et_pb_text _builder_version=&#8221;4.9.0&#8243; _module_preset=&#8221;default&#8221; text_text_color=&#8221;#253D79&#8243; text_line_height=&#8221;1.5em&#8221; header_text_color=&#8221;#FFFFFF&#8221; header_2_text_color=&#8221;#FFFFFF&#8221; header_2_line_height=&#8221;1.3em&#8221; background_color=&#8221;#8DBA40&#8243; custom_margin=&#8221;0px||||false|false&#8221; custom_padding=&#8221;92px||92px|40px|true|false&#8221; animation_style=&#8221;slide&#8221; animation_direction=&#8221;bottom&#8221; animation_intensity_slide=&#8221;2%&#8221; hover_enabled=&#8221;0&#8243; sticky_enabled=&#8221;0&#8243;]<\/p>\n<h2>Objektivi i p\u00ebrgjithsh\u00ebm i<br \/>\n\u00ebsht\u00eb p\u00ebrmir\u00ebsimi<br \/>\ni aft\u00ebsis\u00eb s\u00eb menaxhimit<br \/>\ndhe rijet\u00ebsimit t\u00eb trash\u00ebgimis\u00eb<br \/>\nkulturore si dhe<br \/>\nmb\u00ebshtetja e zhvillimit turistik<span class=\"Apple-converted-space\">\u00a0<\/span><\/h2>\n<p>[\/et_pb_text][\/et_pb_column][et_pb_column type=&#8221;3_5&#8243; _builder_version=&#8221;4.9.0&#8243; _module_preset=&#8221;default&#8221; custom_padding=&#8221;34px|||15px|false|false&#8221; custom_padding_tablet=&#8221;|0px||26px|false|false&#8221; custom_padding_phone=&#8221;|||25px|false|false&#8221; custom_padding_last_edited=&#8221;on|tablet&#8221;][et_pb_divider color=&#8221;#E58A2E&#8221; divider_weight=&#8221;8px&#8221; _builder_version=&#8221;4.9.0&#8243; _module_preset=&#8221;default&#8221; width=&#8221;20%&#8221; custom_margin=&#8221;14px||23px||false|false&#8221; custom_padding=&#8221;0px||||false|false&#8221;][\/et_pb_divider][et_pb_text _builder_version=&#8221;4.9.0&#8243; _module_preset=&#8221;default&#8221; header_2_text_color=&#8221;#E58A2E&#8221; header_3_text_color=&#8221;#FFFFFF&#8221; custom_margin=&#8221;12px|||||&#8221; custom_padding=&#8221;|||23px||&#8221; hover_enabled=&#8221;0&#8243; border_width_left=&#8221;8px&#8221; border_color_left=&#8221;#8DBA40&#8243; sticky_enabled=&#8221;0&#8243;]<\/p>\n<h2>P\u00ebrfituesit e projektit<\/h2>\n<h3>Projekti realizohet nga Bashkia e Dodon\u00ebs n\u00eb bashk\u00ebpunimim me bashkin\u00eb e Finiqit, bashkin\u00eb e Prevez\u00ebs dhe Drejtorin\u00eb Rajonale t\u00eb Kultur\u00ebs Komb\u00ebtare t\u00eb Vlor\u00ebs<\/h3>\n<p>[\/et_pb_text][et_pb_text _builder_version=&#8221;4.9.0&#8243; _module_preset=&#8221;default&#8221; header_2_text_color=&#8221;#8DBA40&#8243; header_3_text_color=&#8221;#FFFFFF&#8221; hover_enabled=&#8221;0&#8243; sticky_enabled=&#8221;0&#8243;]<\/p>\n<h2>Buxheti<\/h2>\n<h3>Buxheti total i projektit arrin vler\u00ebn  938.170,00 \u20ac  dhe bashk\u00ebfinancohet nga Bashkimi Europian dhe nga burime komb\u00ebtare t\u00eb Greqis\u00eb dhe Shqip\u00ebris\u00eb.<\/h3>\n<p>[\/et_pb_text][et_pb_text _builder_version=&#8221;4.9.0&#8243; _module_preset=&#8221;default&#8221; header_2_text_color=&#8221;#8DBA40&#8243; header_3_text_color=&#8221;#FFFFFF&#8221; hover_enabled=&#8221;0&#8243; sticky_enabled=&#8221;0&#8243;]<\/p>\n<h2>Veprimtarit\u00eb<\/h2>\n<h3>Krijimi i  dy (2) hap\u00ebsirave ekpozimi, punime restaurimi, organizim i festivaleve nd\u00ebrkufitare kulturore dhe aktivitete t\u00eb promovimit turistik.<\/h3>\n<p>[\/et_pb_text][et_pb_text _builder_version=&#8221;4.9.0&#8243; _module_preset=&#8221;default&#8221; header_2_text_color=&#8221;#8DBA40&#8243; header_3_text_color=&#8221;#FFFFFF&#8221; hover_enabled=&#8221;0&#8243; sticky_enabled=&#8221;0&#8243;]<\/p>\n<h2>Koh\u00ebzgjatja<\/h2>\n<h3>Projekti filloi m\u00eb 30 n\u00ebntor 2019 dhe pritet t\u00eb p\u00ebrfundoj\u00eb m\u00eb 01 dhjetor 2021<\/h3>\n<p>[\/et_pb_text][et_pb_text _builder_version=&#8221;4.9.0&#8243; _module_preset=&#8221;default&#8221; header_2_text_color=&#8221;#8DBA40&#8243; header_3_text_color=&#8221;#FFFFFF&#8221; hover_enabled=&#8221;0&#8243; sticky_enabled=&#8221;0&#8243;]<\/p>\n<h2>Efektet<\/h2>\n<h3>P\u00ebrshpejtim i procedur\u00ebs s\u00eb zhvillimit turistik dhe zhvillimi i aft\u00ebsive turistike t\u00eb faktor\u00ebve t\u00eb zon\u00ebs p\u00ebr t\u00eb treguar elementet kulturore t\u00eb ve\u00e7anta dhe t\u00eb p\u00ebrbashk\u00ebta dhe t\u00eb zbulojn\u00eb udh\u00ebtime n\u00eb histori, n\u00eb natyr\u00eb dhe n\u00eb kultur\u00eb<\/h3>\n<p>[\/et_pb_text][et_pb_text _builder_version=&#8221;4.9.0&#8243; _module_preset=&#8221;default&#8221; header_2_text_color=&#8221;#8DBA40&#8243; header_3_text_color=&#8221;#FFFFFF&#8221; hover_enabled=&#8221;0&#8243; sticky_enabled=&#8221;0&#8243;]<\/p>\n<h2>Shtetet pjes\u00ebmarr\u00ebse<\/h2>\n<h3>Projekti realizohet n\u00eb kuad\u00ebr t\u00eb Programit t\u00eb Bashk\u00ebpunimit Nd\u00ebrkufitar Interreg IPA \u201cGreqi-Shqip\u00ebri 2014-2020\u201d<\/h3>\n<p>[\/et_pb_text][et_pb_divider color=&#8221;#E58A2E&#8221; divider_weight=&#8221;8px&#8221; _builder_version=&#8221;4.9.0&#8243; _module_preset=&#8221;default&#8221; width=&#8221;20%&#8221; custom_margin=&#8221;14px||23px||false|false&#8221; custom_padding=&#8221;0px||||false|false&#8221;][\/et_pb_divider][et_pb_button button_url=&#8221;@ET-DC@eyJkeW5hbWljIjp0cnVlLCJjb250ZW50IjoicG9zdF9saW5rX3VybF9wYWdlIiwic2V0dGluZ3MiOnsicG9zdF9pZCI6IjMxMCJ9fQ==@&#8221; button_text=&#8221;Objekti i projektit&#8221; button_alignment=&#8221;center&#8221; _builder_version=&#8221;4.9.0&#8243; _dynamic_attributes=&#8221;button_url&#8221; _module_preset=&#8221;default&#8221; custom_button=&#8221;on&#8221; button_text_color=&#8221;#FFFFFF&#8221; button_bg_color=&#8221;#E58A2E&#8221; button_border_color=&#8221;#E58A2E&#8221; button_border_radius=&#8221;0px&#8221; custom_margin=&#8221;||25px||false|false&#8221; custom_padding=&#8221;||||false|false&#8221; hover_enabled=&#8221;0&#8243; sticky_enabled=&#8221;0&#8243;][\/et_pb_button][\/et_pb_column][\/et_pb_row][\/et_pb_section]<\/p>\n","protected":false},"excerpt":{"rendered":"<p>MileSTONES IIIBashk\u00ebpunim kulturor krijues si mjet p\u00ebr aft\u00ebsi t\u00eb fuqishme turistike dhe p\u00ebr zhvillim Objektivi i p\u00ebrgjithsh\u00ebm i \u00ebsht\u00eb p\u00ebrmir\u00ebsimi i aft\u00ebsis\u00eb s\u00eb menaxhimit dhe rijet\u00ebsimit t\u00eb trash\u00ebgimis\u00eb kulturore si dhe mb\u00ebshtetja e zhvillimit turistik\u00a0P\u00ebrfituesit e projektit Projekti realizohet nga Bashkia e Dodon\u00ebs n\u00eb bashk\u00ebpunimim me bashkin\u00eb e Finiqit, bashkin\u00eb e Prevez\u00ebs dhe Drejtorin\u00eb Rajonale [&hellip;]<\/p>\n","protected":false},"author":1,"featured_media":0,"parent":0,"menu_order":0,"comment_status":"closed","ping_status":"closed","template":"","meta":{"_et_pb_use_builder":"on","_et_pb_old_content":"","_et_gb_content_width":"","footnotes":""},"class_list":["post-639","page","type-page","status-publish","hentry"],"_links":{"self":[{"href":"https:\/\/milestones3.eu\/sq\/wp-json\/wp\/v2\/pages\/639","targetHints":{"allow":["GET"]}}],"collection":[{"href":"https:\/\/milestones3.eu\/sq\/wp-json\/wp\/v2\/pages"}],"about":[{"href":"https:\/\/milestones3.eu\/sq\/wp-json\/wp\/v2\/types\/page"}],"author":[{"embeddable":true,"href":"https:\/\/milestones3.eu\/sq\/wp-json\/wp\/v2\/users\/1"}],"replies":[{"embeddable":true,"href":"https:\/\/milestones3.eu\/sq\/wp-json\/wp\/v2\/comments?post=639"}],"version-history":[{"count":4,"href":"https:\/\/milestones3.eu\/sq\/wp-json\/wp\/v2\/pages\/639\/revisions"}],"predecessor-version":[{"id":730,"href":"https:\/\/milestones3.eu\/sq\/wp-json\/wp\/v2\/pages\/639\/revisions\/730"}],"wp:attachment":[{"href":"https:\/\/milestones3.eu\/sq\/wp-json\/wp\/v2\/media?parent=639"}],"curies":[{"name":"wp","href":"https:\/\/api.w.org\/{rel}","templated":true}]}}